{"id":72109,"date":"2019-04-19T14:13:11","date_gmt":"2019-04-19T12:13:11","guid":{"rendered":"https:\/\/loyalfight.ch\/produit\/official-lf-mma-gloves-3-2\/"},"modified":"2026-02-23T16:30:58","modified_gmt":"2026-02-23T15:30:58","slug":"lf-black-mma-gloves-leather","status":"publish","type":"product","link":"https:\/\/loyalfight.ch\/en\/produit\/lf-black-mma-gloves-leather\/","title":{"rendered":"Black MMA LF gloves &#8211; Leather"},"content":{"rendered":"<ul>\n<li>Hand made<\/li>\n<li>Premium genuine leather and high impact-absorbing foam<\/li>\n<li>Engineered, tested and approved by MMA professional fighters<\/li>\n<li>Loyal Fight Swiss Brand guarantees top quality in terms of construction and finish for long lasting durability<\/li>\n<li>Optimal padding around the knuckle and back fist area offers maximum protection striking<\/li>\n<li>The one hand fully adjustable wrist wraps provide maximum support while the pre-curved fingers reduce hand fatigue<\/li>\n<\/ul>\n<p>Size S : up to 65 Kg<br \/>\nSize M : from 65 to 75 Kg<br \/>\nSize L : from 75 to 85 Kg<br \/>\nSize XL : over 85 Kg<\/p>\n","protected":false},"excerpt":{"rendered":"<ul class=\"ul1\">\n<li class=\"li1\"><b>Fait main<\/b><\/li>\n<li class=\"li1\"><b>100% cuir de haute qualit\u00e9<\/b><\/li>\n<li class=\"li1\"><b>Con\u00e7u, test\u00e9 et approuv\u00e9 par des professionnels du MMA<\/b><\/li>\n<\/ul>\n","protected":false},"featured_media":71578,"template":"","meta":{"_et_pb_use_builder":"","_et_pb_old_content":"","_et_gb_content_width":""},"product_brand":[],"product_cat":[46,72],"product_tag":[],"class_list":{"0":"post-72109","1":"product","2":"type-product","3":"status-publish","4":"has-post-thumbnail","6":"product_cat-gloves-en","7":"product_cat-mma-en","8":"pa_taille-m-en","9":"pa_taille-xl-en","11":"first","12":"instock","13":"shipping-taxable","14":"purchasable","15":"product-type-variable"},"_links":{"self":[{"href":"https:\/\/loyalfight.ch\/en\/wp-json\/wp\/v2\/product\/72109","targetHints":{"allow":["GET"]}}],"collection":[{"href":"https:\/\/loyalfight.ch\/en\/wp-json\/wp\/v2\/product"}],"about":[{"href":"https:\/\/loyalfight.ch\/en\/wp-json\/wp\/v2\/types\/product"}],"wp:featuredmedia":[{"embeddable":true,"href":"https:\/\/loyalfight.ch\/en\/wp-json\/wp\/v2\/media\/71578"}],"wp:attachment":[{"href":"https:\/\/loyalfight.ch\/en\/wp-json\/wp\/v2\/media?parent=72109"}],"wp:term":[{"taxonomy":"product_brand","embeddable":true,"href":"https:\/\/loyalfight.ch\/en\/wp-json\/wp\/v2\/product_brand?post=72109"},{"taxonomy":"product_cat","embeddable":true,"href":"https:\/\/loyalfight.ch\/en\/wp-json\/wp\/v2\/product_cat?post=72109"},{"taxonomy":"product_tag","embeddable":true,"href":"https:\/\/loyalfight.ch\/en\/wp-json\/wp\/v2\/product_tag?post=72109"}],"curies":[{"name":"wp","href":"https:\/\/api.w.org\/{rel}","templated":true}]}}