{"id":72095,"date":"2019-04-19T15:59:59","date_gmt":"2019-04-19T13:59:59","guid":{"rendered":"https:\/\/loyalfight.ch\/produit\/protege-dents-double-lf\/"},"modified":"2023-07-04T15:37:06","modified_gmt":"2023-07-04T13:37:06","slug":"double-lf-mouthguards","status":"publish","type":"product","link":"https:\/\/loyalfight.ch\/en\/produit\/double-lf-mouthguards\/","title":{"rendered":"Double LF Mouthguards"},"content":{"rendered":"<p>Technical characteristics :<\/p>\n<ul>\n<li>Unique size.<\/li>\n<li>Recommended for boxing, MMA and martial arts type contact sports.<\/li>\n<li>Supplied with LF case.<\/li>\n<li>Thermoformable hot tooth protector for better support and comfort.<\/li>\n<li>Excellent quality-price ratio.<\/li>\n<\/ul>\n","protected":false},"excerpt":{"rendered":"<p>Prot\u00e8ge dent double thermoformable<\/p>\n<p>Caract\u00e9ristiques techniques :<\/p>\n<ul>\n<li>Taille unique.<\/li>\n<li>Recommand\u00e9 pour les sports de contact type boxe, MMA et arts martiaux.<\/li>\n<li>Livr\u00e9 avec \u00e9tui LF.<\/li>\n<li>Prot\u00e8ge dent thermoformable \u00e0 mouler \u00e0 l&#8217;eau chaude pour un meilleur maintien et confort.<\/li>\n<li>Excellent rapport qualit\u00e9 prix.<\/li>\n<\/ul>\n","protected":false},"featured_media":71576,"template":"","meta":{"_et_pb_use_builder":"","_et_pb_old_content":"","_et_gb_content_width":""},"product_brand":[],"product_cat":[76,48],"product_tag":[],"class_list":{"0":"post-72095","1":"product","2":"type-product","3":"status-publish","4":"has-post-thumbnail","6":"product_cat-mouthguards-en","7":"product_cat-protective-en","8":"pa_couleur-white-en","9":"pa_couleur-orange-en","10":"pa_couleur-green-en","11":"pa_couleur-yellow-en","12":"pa_couleur-pink-en","14":"first","15":"instock","16":"shipping-taxable","17":"purchasable","18":"product-type-variable"},"_links":{"self":[{"href":"https:\/\/loyalfight.ch\/en\/wp-json\/wp\/v2\/product\/72095","targetHints":{"allow":["GET"]}}],"collection":[{"href":"https:\/\/loyalfight.ch\/en\/wp-json\/wp\/v2\/product"}],"about":[{"href":"https:\/\/loyalfight.ch\/en\/wp-json\/wp\/v2\/types\/product"}],"wp:featuredmedia":[{"embeddable":true,"href":"https:\/\/loyalfight.ch\/en\/wp-json\/wp\/v2\/media\/71576"}],"wp:attachment":[{"href":"https:\/\/loyalfight.ch\/en\/wp-json\/wp\/v2\/media?parent=72095"}],"wp:term":[{"taxonomy":"product_brand","embeddable":true,"href":"https:\/\/loyalfight.ch\/en\/wp-json\/wp\/v2\/product_brand?post=72095"},{"taxonomy":"product_cat","embeddable":true,"href":"https:\/\/loyalfight.ch\/en\/wp-json\/wp\/v2\/product_cat?post=72095"},{"taxonomy":"product_tag","embeddable":true,"href":"https:\/\/loyalfight.ch\/en\/wp-json\/wp\/v2\/product_tag?post=72095"}],"curies":[{"name":"wp","href":"https:\/\/api.w.org\/{rel}","templated":true}]}}