{"id":72088,"date":"2019-04-19T16:14:29","date_gmt":"2019-04-19T14:14:29","guid":{"rendered":"https:\/\/loyalfight.ch\/produit\/protege-dents-simple-gel-lf\/"},"modified":"2023-07-04T15:20:47","modified_gmt":"2023-07-04T13:20:47","slug":"single-gel-lf-mouthguards","status":"publish","type":"product","link":"https:\/\/loyalfight.ch\/en\/produit\/single-gel-lf-mouthguards\/","title":{"rendered":"Single gel LF Mouthguards"},"content":{"rendered":"<p>Thermoformable gel single Mouthguard<\/p>\n<p>It is composed of a double layer: a first gel-type soft layer and a second outer layer that absorbs the strongest impacts.<\/p>\n<p>Technical characteristics :<\/p>\n<ul>\n<li>Unique size.<\/li>\n<li>Recommended for boxing, MMA and martial arts type contact sports.<\/li>\n<li>Comes with case LF.<\/li>\n<li>Thermoformable tooth protector to be molded with hot water for better support and comfort.<\/li>\n<li>Excellent quality-price ratio.<\/li>\n<\/ul>\n","protected":false},"excerpt":{"rendered":"<p class=\"MsoNormal\" style=\"line-height: normal;\">Prot\u00e8ge dent simple gel thermoformable<\/p>\n<p class=\"MsoNormal\" style=\"line-height: normal;\">Il est compos\u00e9 d&#8217;une double couche : une premi\u00e8re couche souple type Gel et une deuxi\u00e8me couche externe qui absorbe les impacts les plus forts.<\/p>\n<p class=\"MsoNormal\" style=\"line-height: normal;\">Caract\u00e9ristiques techniques :<\/p>\n<ul type=\"disc\">\n<li class=\"MsoNormal\" style=\"line-height: normal;\">Taille unique.<\/li>\n<li class=\"MsoNormal\" style=\"line-height: normal;\">Recommand\u00e9 pour les sports de contact type boxe, MMA et arts martiaux.<\/li>\n<li class=\"MsoNormal\" style=\"line-height: normal;\">Livr\u00e9 avec \u00e9tui.<\/li>\n<li class=\"MsoNormal\" style=\"line-height: normal;\">Prot\u00e8ge dent thermo formable \u00e0 mouler \u00e0 l\u2019eau chaude pour un meilleur maintien et confort.<\/li>\n<li class=\"MsoNormal\" style=\"line-height: normal;\">Excellent rapport qualit\u00e9 prix<\/li>\n<\/ul>\n","protected":false},"featured_media":71689,"template":"","meta":{"_et_pb_use_builder":"","_et_pb_old_content":"","_et_gb_content_width":""},"product_brand":[],"product_cat":[76,48],"product_tag":[],"class_list":{"0":"post-72088","1":"product","2":"type-product","3":"status-publish","4":"has-post-thumbnail","6":"product_cat-mouthguards-en","7":"product_cat-protective-en","8":"pa_couleur-white-en","9":"pa_couleur-red-en","10":"pa_couleur-black-en","11":"pa_couleur-blue-en","12":"pa_couleur-transparent-en","14":"first","15":"instock","16":"shipping-taxable","17":"purchasable","18":"product-type-variable"},"_links":{"self":[{"href":"https:\/\/loyalfight.ch\/en\/wp-json\/wp\/v2\/product\/72088","targetHints":{"allow":["GET"]}}],"collection":[{"href":"https:\/\/loyalfight.ch\/en\/wp-json\/wp\/v2\/product"}],"about":[{"href":"https:\/\/loyalfight.ch\/en\/wp-json\/wp\/v2\/types\/product"}],"wp:featuredmedia":[{"embeddable":true,"href":"https:\/\/loyalfight.ch\/en\/wp-json\/wp\/v2\/media\/71689"}],"wp:attachment":[{"href":"https:\/\/loyalfight.ch\/en\/wp-json\/wp\/v2\/media?parent=72088"}],"wp:term":[{"taxonomy":"product_brand","embeddable":true,"href":"https:\/\/loyalfight.ch\/en\/wp-json\/wp\/v2\/product_brand?post=72088"},{"taxonomy":"product_cat","embeddable":true,"href":"https:\/\/loyalfight.ch\/en\/wp-json\/wp\/v2\/product_cat?post=72088"},{"taxonomy":"product_tag","embeddable":true,"href":"https:\/\/loyalfight.ch\/en\/wp-json\/wp\/v2\/product_tag?post=72088"}],"curies":[{"name":"wp","href":"https:\/\/api.w.org\/{rel}","templated":true}]}}